{"id":2266,"date":"2024-10-24T12:26:40","date_gmt":"2024-10-24T12:26:40","guid":{"rendered":"https:\/\/jwmedina.com\/?page_id=2266"},"modified":"2024-11-21T22:56:41","modified_gmt":"2024-11-21T22:56:41","slug":"rooftop","status":"publish","type":"page","link":"https:\/\/jwmedina.com\/en\/rooftop\/","title":{"rendered":"Rooftop"},"content":{"rendered":"<div data-elementor-type=\"wp-page\" data-elementor-id=\"2266\" class=\"elementor elementor-2266\" data-elementor-settings=\"{&quot;ha_cmc_init_switcher&quot;:&quot;no&quot;}\">\n\t\t\t\t\t\t<section class=\"elementor-section elementor-top-section elementor-element elementor-element-259bd1a0 elementor-section-height-min-height cs-section-content-fullwidth cs-parallax-on-scroll cs_scroll_y_80 elementor-section-boxed elementor-section-height-default elementor-section-items-middle\" data-id=\"259bd1a0\" data-element_type=\"section\" data-e-type=\"section\" data-settings=\"{&quot;background_background&quot;:&quot;classic&quot;,&quot;_ha_eqh_enable&quot;:false}\" data-cs-parallax-y=\"80\" style=\"background-image: none;\" data-cs-background-image=\"https:\/\/jwmedina.com\/wp-content\/uploads\/2022\/09\/RIADJW-31-1.jpg\" data-cs-background-image-alt-text=\"\">\n\t\t\t\t\t\t\t<div class=\"elementor-background-overlay\"><\/div>\n\t\t\t\t\t\t\t<div class=\"elementor-container elementor-column-gap-no\">\n\t\t\t\t\t<div class=\"elementor-column elementor-col-100 elementor-top-column elementor-element elementor-element-45da27e9 dark-color\" data-id=\"45da27e9\" data-element_type=\"column\" data-e-type=\"column\">\n\t\t\t<div class=\"elementor-widget-wrap elementor-element-populated\">\n\t\t\t\t\t\t<div class=\"elementor-element elementor-element-4fd9a28d elementor-widget elementor-widget-cs_title\" data-id=\"4fd9a28d\" data-element_type=\"widget\" data-e-type=\"widget\" data-widget_type=\"cs_title.default\">\n\t\t\t\t<div class=\"elementor-widget-container\">\n\t\t\t\t\t\n        <div class=\"cs-title-wrap text-center\">\t            <div class=\"cs-subtitle-wrap\"><span class=\"cs-subtitle color-white\">JW MEDINA MARRAKECH<\/span><\/div>\t            <h1 class=\"cs-title\">\n\t                ROOFTOP\t            <\/h1>        <\/div>\t\t\t\t<\/div>\n\t\t\t\t<\/div>\n\t\t\t\t\t<\/div>\n\t\t<\/div>\n\t\t\t\t\t<\/div>\n\t\t<\/section>\n\t\t\t\t<section class=\"elementor-section elementor-top-section elementor-element elementor-element-2565b08f elementor-section-content-middle elementor-section-boxed elementor-section-height-default elementor-section-height-default\" data-id=\"2565b08f\" data-element_type=\"section\" data-e-type=\"section\" data-settings=\"{&quot;background_background&quot;:&quot;classic&quot;,&quot;_ha_eqh_enable&quot;:false}\">\n\t\t\t\t\t\t<div class=\"elementor-container elementor-column-gap-no\">\n\t\t\t\t\t<div class=\"elementor-column elementor-col-50 elementor-top-column elementor-element elementor-element-1eb90815\" data-id=\"1eb90815\" data-element_type=\"column\" data-e-type=\"column\">\n\t\t\t<div class=\"elementor-widget-wrap elementor-element-populated\">\n\t\t\t\t\t\t<div class=\"elementor-element elementor-element-76f43325 cs-animation-small-offset elementor-invisible elementor-widget elementor-widget-image\" data-id=\"76f43325\" data-element_type=\"widget\" data-e-type=\"widget\" data-settings=\"{&quot;_animation&quot;:&quot;fadeInUp&quot;,&quot;_animation_delay&quot;:150}\" data-widget_type=\"image.default\">\n\t\t\t\t<div class=\"elementor-widget-container\">\n\t\t\t\t\t\t\t\t\t\t\t\t\t\t\t<img fetchpriority=\"high\" decoding=\"async\" width=\"2121\" height=\"1414\" src=\"https:\/\/jwmedina.com\/wp-content\/uploads\/2022\/09\/RIADJW-16-1.jpg\" class=\"attachment-full size-full wp-image-4506\" alt=\"\" srcset=\"https:\/\/jwmedina.com\/wp-content\/uploads\/2022\/09\/RIADJW-16-1.jpg 2121w, https:\/\/jwmedina.com\/wp-content\/uploads\/2022\/09\/RIADJW-16-1-300x200.jpg 300w, https:\/\/jwmedina.com\/wp-content\/uploads\/2022\/09\/RIADJW-16-1-1024x683.jpg 1024w, https:\/\/jwmedina.com\/wp-content\/uploads\/2022\/09\/RIADJW-16-1-768x512.jpg 768w, https:\/\/jwmedina.com\/wp-content\/uploads\/2022\/09\/RIADJW-16-1-1536x1024.jpg 1536w, https:\/\/jwmedina.com\/wp-content\/uploads\/2022\/09\/RIADJW-16-1-2048x1365.jpg 2048w, https:\/\/jwmedina.com\/wp-content\/uploads\/2022\/09\/RIADJW-16-1-18x12.jpg 18w, https:\/\/jwmedina.com\/wp-content\/uploads\/2022\/09\/RIADJW-16-1-1920x1280.jpg 1920w, https:\/\/jwmedina.com\/wp-content\/uploads\/2022\/09\/RIADJW-16-1-1440x960.jpg 1440w, https:\/\/jwmedina.com\/wp-content\/uploads\/2022\/09\/RIADJW-16-1-1200x800.jpg 1200w, https:\/\/jwmedina.com\/wp-content\/uploads\/2022\/09\/RIADJW-16-1-780x520.jpg 780w, https:\/\/jwmedina.com\/wp-content\/uploads\/2022\/09\/RIADJW-16-1-600x400.jpg 600w, https:\/\/jwmedina.com\/wp-content\/uploads\/2022\/09\/RIADJW-16-1-550x367.jpg 550w, https:\/\/jwmedina.com\/wp-content\/uploads\/2022\/09\/RIADJW-16-1-370x247.jpg 370w, https:\/\/jwmedina.com\/wp-content\/uploads\/2022\/09\/RIADJW-16-1-255x170.jpg 255w\" sizes=\"(max-width: 2121px) 100vw, 2121px\" \/>\t\t\t\t\t\t\t\t\t\t\t\t\t\t\t<\/div>\n\t\t\t\t<\/div>\n\t\t\t\t\t<\/div>\n\t\t<\/div>\n\t\t\t\t<div class=\"elementor-column elementor-col-50 elementor-top-column elementor-element elementor-element-2be53163\" data-id=\"2be53163\" data-element_type=\"column\" data-e-type=\"column\">\n\t\t\t<div class=\"elementor-widget-wrap elementor-element-populated\">\n\t\t\t\t\t\t<div class=\"elementor-element elementor-element-16470583 elementor-widget elementor-widget-cs_title\" data-id=\"16470583\" data-element_type=\"widget\" data-e-type=\"widget\" data-widget_type=\"cs_title.default\">\n\t\t\t\t<div class=\"elementor-widget-container\">\n\t\t\t\t\t\n        <div class=\"cs-title-wrap\">\t            <h4 class=\"cs-title\">\n\t                Oasis suspended outside of time\t            <\/h4>\t            <div class=\"cs-title-text\">\n\t                <div class=\"page\" title=\"Page 1\"><div class=\"section\"><div class=\"layoutArea\"><div class=\"column\"><div class=\"page\" title=\"Page 4\"><div class=\"section\"><div class=\"layoutArea\"><div class=\"column\"><p>The rooftop offers you a cozy and trendy atmosphere with intimate spaces.<br \/>The restaurant &#039;<strong>The Tabla<\/strong>&#039;, offers you a menu created by our chef. Traditional and organic recipes mixing Mediterranean and revisited Moroccan cuisine.<br \/>The bar offers you an elegant and chic break at any time of the day, over a drink \u2013 a real moment of sharing and sweetness.<\/p><\/div><\/div><\/div><\/div><\/div><\/div><\/div><\/div>\t            <\/div>        <\/div>\t\t\t\t<\/div>\n\t\t\t\t<\/div>\n\t\t\t\t\t<\/div>\n\t\t<\/div>\n\t\t\t\t\t<\/div>\n\t\t<\/section>\n\t\t<div class=\"elementor-element elementor-element-e56bad1 e-flex e-con-boxed e-con e-parent\" data-id=\"e56bad1\" data-element_type=\"container\" data-e-type=\"container\" data-settings=\"{&quot;_ha_eqh_enable&quot;:false}\">\n\t\t\t\t\t<div class=\"e-con-inner\">\n\t\t\t\t<div class=\"elementor-element elementor-element-5dd6a0d ha-image-grid--masonry elementor-widget elementor-widget-ha-image-grid happy-addon ha-image-grid\" data-id=\"5dd6a0d\" data-element_type=\"widget\" data-e-type=\"widget\" data-settings=\"{&quot;layout&quot;:&quot;masonry&quot;,&quot;enable_popup&quot;:&quot;yes&quot;}\" data-widget_type=\"ha-image-grid.default\">\n\t\t\t\t<div class=\"elementor-widget-container\">\n\t\t\t\t\t\n\t\t<div class=\"ha-image-grid__wrap hajs-isotope ha-lightbox--has\">\n\t\t\t\t\t\t\t\n\t\t\t\t<a href=\"#\" data-mfp-src=\"https:\/\/jwmedina.com\/wp-content\/uploads\/2022\/09\/RIADJW-31-1.jpg\" class=\"ha-image-grid__item ha-js-lightbox __fltr-1\">\n\t\t\t\t\t<img decoding=\"async\" width=\"600\" height=\"600\" src=\"https:\/\/jwmedina.com\/wp-content\/uploads\/2022\/09\/RIADJW-31-1-600x600.jpg\" class=\"elementor-animation-grow\" alt=\"\" srcset=\"https:\/\/jwmedina.com\/wp-content\/uploads\/2022\/09\/RIADJW-31-1-600x600.jpg 600w, https:\/\/jwmedina.com\/wp-content\/uploads\/2022\/09\/RIADJW-31-1-150x150.jpg 150w, https:\/\/jwmedina.com\/wp-content\/uploads\/2022\/09\/RIADJW-31-1-300x300.jpg 300w\" sizes=\"(max-width: 600px) 100vw, 600px\" \/>\t\t\t\t<\/a>\n\t\t\t\t\t\t\t\n\t\t\t\t<a href=\"#\" data-mfp-src=\"https:\/\/jwmedina.com\/wp-content\/uploads\/2022\/09\/RIADJW-4-1.jpg\" class=\"ha-image-grid__item ha-js-lightbox __fltr-1\">\n\t\t\t\t\t<img decoding=\"async\" width=\"600\" height=\"600\" src=\"https:\/\/jwmedina.com\/wp-content\/uploads\/2022\/09\/RIADJW-4-1-600x600.jpg\" class=\"elementor-animation-grow\" alt=\"\" srcset=\"https:\/\/jwmedina.com\/wp-content\/uploads\/2022\/09\/RIADJW-4-1-600x600.jpg 600w, https:\/\/jwmedina.com\/wp-content\/uploads\/2022\/09\/RIADJW-4-1-150x150.jpg 150w, https:\/\/jwmedina.com\/wp-content\/uploads\/2022\/09\/RIADJW-4-1-300x300.jpg 300w\" sizes=\"(max-width: 600px) 100vw, 600px\" \/>\t\t\t\t<\/a>\n\t\t\t\t\t\t\t\n\t\t\t\t<a href=\"#\" data-mfp-src=\"https:\/\/jwmedina.com\/wp-content\/uploads\/2022\/09\/RIADJW-11-1.jpg\" class=\"ha-image-grid__item ha-js-lightbox __fltr-1\">\n\t\t\t\t\t<img loading=\"lazy\" decoding=\"async\" width=\"600\" height=\"600\" src=\"https:\/\/jwmedina.com\/wp-content\/uploads\/2022\/09\/RIADJW-11-1-600x600.jpg\" class=\"elementor-animation-grow\" alt=\"\" srcset=\"https:\/\/jwmedina.com\/wp-content\/uploads\/2022\/09\/RIADJW-11-1-600x600.jpg 600w, https:\/\/jwmedina.com\/wp-content\/uploads\/2022\/09\/RIADJW-11-1-150x150.jpg 150w, https:\/\/jwmedina.com\/wp-content\/uploads\/2022\/09\/RIADJW-11-1-300x300.jpg 300w\" sizes=\"(max-width: 600px) 100vw, 600px\" \/>\t\t\t\t<\/a>\n\t\t\t\t\t\t\t\n\t\t\t\t<a href=\"#\" data-mfp-src=\"https:\/\/jwmedina.com\/wp-content\/uploads\/2022\/09\/RIADJW-34-1.jpg\" class=\"ha-image-grid__item ha-js-lightbox __fltr-1\">\n\t\t\t\t\t<img loading=\"lazy\" decoding=\"async\" width=\"600\" height=\"600\" src=\"https:\/\/jwmedina.com\/wp-content\/uploads\/2022\/09\/RIADJW-34-1-600x600.jpg\" class=\"elementor-animation-grow\" alt=\"\" srcset=\"https:\/\/jwmedina.com\/wp-content\/uploads\/2022\/09\/RIADJW-34-1-600x600.jpg 600w, https:\/\/jwmedina.com\/wp-content\/uploads\/2022\/09\/RIADJW-34-1-150x150.jpg 150w, https:\/\/jwmedina.com\/wp-content\/uploads\/2022\/09\/RIADJW-34-1-300x300.jpg 300w\" sizes=\"(max-width: 600px) 100vw, 600px\" \/>\t\t\t\t<\/a>\n\t\t\t\t\t\t\t\n\t\t\t\t<a href=\"#\" data-mfp-src=\"https:\/\/jwmedina.com\/wp-content\/uploads\/2022\/09\/RIADJW-15-1-1.jpg\" class=\"ha-image-grid__item ha-js-lightbox __fltr-1\">\n\t\t\t\t\t<img loading=\"lazy\" decoding=\"async\" width=\"600\" height=\"600\" src=\"https:\/\/jwmedina.com\/wp-content\/uploads\/2022\/09\/RIADJW-15-1-1-600x600.jpg\" class=\"elementor-animation-grow\" alt=\"\" srcset=\"https:\/\/jwmedina.com\/wp-content\/uploads\/2022\/09\/RIADJW-15-1-1-600x600.jpg 600w, https:\/\/jwmedina.com\/wp-content\/uploads\/2022\/09\/RIADJW-15-1-1-150x150.jpg 150w, https:\/\/jwmedina.com\/wp-content\/uploads\/2022\/09\/RIADJW-15-1-1-12x12.jpg 12w, https:\/\/jwmedina.com\/wp-content\/uploads\/2022\/09\/RIADJW-15-1-1-300x300.jpg 300w\" sizes=\"(max-width: 600px) 100vw, 600px\" \/>\t\t\t\t<\/a>\n\t\t\t\t\t\t\t\n\t\t\t\t<a href=\"#\" data-mfp-src=\"https:\/\/jwmedina.com\/wp-content\/uploads\/2022\/09\/RIADJW-16-1.jpg\" class=\"ha-image-grid__item ha-js-lightbox __fltr-1\">\n\t\t\t\t\t<img loading=\"lazy\" decoding=\"async\" width=\"600\" height=\"600\" src=\"https:\/\/jwmedina.com\/wp-content\/uploads\/2022\/09\/RIADJW-16-1-600x600.jpg\" class=\"elementor-animation-grow\" alt=\"\" srcset=\"https:\/\/jwmedina.com\/wp-content\/uploads\/2022\/09\/RIADJW-16-1-600x600.jpg 600w, https:\/\/jwmedina.com\/wp-content\/uploads\/2022\/09\/RIADJW-16-1-150x150.jpg 150w, https:\/\/jwmedina.com\/wp-content\/uploads\/2022\/09\/RIADJW-16-1-300x300.jpg 300w\" sizes=\"(max-width: 600px) 100vw, 600px\" \/>\t\t\t\t<\/a>\n\t\t\t\t\t\t\t\n\t\t\t\t<a href=\"#\" data-mfp-src=\"https:\/\/jwmedina.com\/wp-content\/uploads\/2022\/09\/RIADJW-10-1-1.jpg\" class=\"ha-image-grid__item ha-js-lightbox __fltr-1\">\n\t\t\t\t\t<img loading=\"lazy\" decoding=\"async\" width=\"600\" height=\"600\" src=\"https:\/\/jwmedina.com\/wp-content\/uploads\/2022\/09\/RIADJW-10-1-1-600x600.jpg\" class=\"elementor-animation-grow\" alt=\"\" srcset=\"https:\/\/jwmedina.com\/wp-content\/uploads\/2022\/09\/RIADJW-10-1-1-600x600.jpg 600w, https:\/\/jwmedina.com\/wp-content\/uploads\/2022\/09\/RIADJW-10-1-1-150x150.jpg 150w, https:\/\/jwmedina.com\/wp-content\/uploads\/2022\/09\/RIADJW-10-1-1-300x300.jpg 300w\" sizes=\"(max-width: 600px) 100vw, 600px\" \/>\t\t\t\t<\/a>\n\t\t\t\t\t\t\t\n\t\t\t\t<a href=\"#\" data-mfp-src=\"https:\/\/jwmedina.com\/wp-content\/uploads\/2022\/09\/RIADJW-68-1.jpg\" class=\"ha-image-grid__item ha-js-lightbox __fltr-1\">\n\t\t\t\t\t<img loading=\"lazy\" decoding=\"async\" width=\"600\" height=\"600\" src=\"https:\/\/jwmedina.com\/wp-content\/uploads\/2022\/09\/RIADJW-68-1-600x600.jpg\" class=\"elementor-animation-grow\" alt=\"\" srcset=\"https:\/\/jwmedina.com\/wp-content\/uploads\/2022\/09\/RIADJW-68-1-600x600.jpg 600w, https:\/\/jwmedina.com\/wp-content\/uploads\/2022\/09\/RIADJW-68-1-150x150.jpg 150w, https:\/\/jwmedina.com\/wp-content\/uploads\/2022\/09\/RIADJW-68-1-300x300.jpg 300w\" sizes=\"(max-width: 600px) 100vw, 600px\" \/>\t\t\t\t<\/a>\n\t\t\t\t\t\t\t\n\t\t\t\t<a href=\"#\" data-mfp-src=\"https:\/\/jwmedina.com\/wp-content\/uploads\/2022\/09\/RIADJW-6-1.jpg\" class=\"ha-image-grid__item ha-js-lightbox __fltr-1\">\n\t\t\t\t\t<img loading=\"lazy\" decoding=\"async\" width=\"600\" height=\"600\" src=\"https:\/\/jwmedina.com\/wp-content\/uploads\/2022\/09\/RIADJW-6-1-600x600.jpg\" class=\"elementor-animation-grow\" alt=\"\" srcset=\"https:\/\/jwmedina.com\/wp-content\/uploads\/2022\/09\/RIADJW-6-1-600x600.jpg 600w, https:\/\/jwmedina.com\/wp-content\/uploads\/2022\/09\/RIADJW-6-1-150x150.jpg 150w, https:\/\/jwmedina.com\/wp-content\/uploads\/2022\/09\/RIADJW-6-1-300x300.jpg 300w\" sizes=\"(max-width: 600px) 100vw, 600px\" \/>\t\t\t\t<\/a>\n\t\t\t\t\t<\/div>\n\n\t\t\t\t\t\t<\/div>\n\t\t\t\t<\/div>\n\t\t\t\t\t<\/div>\n\t\t\t\t<\/div>\n\t\t<div class=\"elementor-element elementor-element-ee33236 e-con-full e-flex e-con e-parent\" data-id=\"ee33236\" data-element_type=\"container\" data-e-type=\"container\" data-settings=\"{&quot;_ha_eqh_enable&quot;:false}\">\n\t\t\t\t<div class=\"elementor-element elementor-element-8ce812a cs-animation-small-offset elementor-invisible elementor-widget elementor-widget-cs_fancy_card\" data-id=\"8ce812a\" data-element_type=\"widget\" data-e-type=\"widget\" data-settings=\"{&quot;_animation&quot;:&quot;fadeInRight&quot;,&quot;_animation_delay&quot;:200,&quot;_animation_tablet&quot;:&quot;fadeInUp&quot;}\" data-widget_type=\"cs_fancy_card.default\">\n\t\t\t\t<div class=\"elementor-widget-container\">\n\t\t\t\t\t\n\t\t<div class=\"cs-fancy-card style-1 layout-row order-reverse text-left cs-hover-img-zoom\">\n            <div class=\"cs-fc-wrap\">\t                <a class=\"cs-fc-link\" href=\"https:\/\/jwmedina.com\/en\/rooms\/\" aria-label=\"Fancy Card Link\"><\/a>\t               \t<div class=\"cs-fc-img\">\n\t                    <img decoding=\"async\" src=\"https:\/\/jwmedina.com\/wp-content\/uploads\/elementor\/thumbs\/RIADJW-8-2-1-qxcydg8tbnvtk4i6r049pfkts98mqxo425h3z501tc.jpg\" title=\"RIADJW-8\" alt=\"RIADJW-8\" loading=\"lazy\" \/>\t                <\/div>\n                <div class=\"cs-fc-content\">\t\t\t            <h5 class=\"cs-fc-title cs-title\">\n\t\t\t                Rooms\t\t\t            <\/h5>\t\t\t            <div class=\"cs-fc-text\">\n\t\t\t                <div class=\"page\" title=\"Page 2\"><div class=\"section\"><div class=\"layoutArea\"><div class=\"column\"><div class=\"page\" title=\"Page 3\"><div class=\"section\"><div class=\"layoutArea\"><div class=\"column\"><p>JW Medina offers 7 sumptuous suites with different charms.<\/p><\/div><\/div><\/div><\/div><\/div><\/div><\/div><\/div>\t\t\t            <\/div>\t\t                <div class=\"cs-fc-btn\">\n\t\t                    <a class=\"button cs-btn-color-white cs-btn-outline cs-btn-small\" role=\"button\" href=\"https:\/\/jwmedina.com\/en\/rooms\/\">\n\t\t                        <span class=\"cs-btn-text\">Discover<\/span>\t\t                    <\/a>\n\t\t                <\/div>\t\t\t\t<\/div>\n            <\/div>\n        <\/div>\t\t\t\t<\/div>\n\t\t\t\t<\/div>\n\t\t\t\t<\/div>\n\t\t\t\t<\/div>","protected":false},"excerpt":{"rendered":"<p>JW MEDINA MARRAKECH ROOFTOP Oasis suspendue hors du temps Le rooftop vous offre une ambiance cosy et branch\u00e9e avec des espaces intimistes.Le restaurant \u2018La Tabla\u2019, vous propose une carte \u00e9labor\u00e9e par notre chef. Des recettes traditionnelles et Bio m\u00e9langeant cuisine marocaine m\u00e9diterran\u00e9enne et revisit\u00e9e.Le bar, vous offre une pause \u00e9l\u00e9gante et chic \u00e0 tous moments &#8230;<\/p>","protected":false},"author":3,"featured_media":0,"parent":0,"menu_order":0,"comment_status":"closed","ping_status":"closed","template":"template-wide-content.php","meta":{"cozystay_single_page_hide_site_header":"","cozystay_single_page_site_header_source":"","cozystay_single_page_custom_site_header":"0","cozystay_single_page_custom_sticky_site_header":"0","cozystay_single_page_hide_page_title":"on","cozystay_single_page_header_section_size":"","cozystay_single_page_header_background_color":"","cozystay_single_page_header_background_position_x":"center","cozystay_single_page_header_background_position_y":"center","cozystay_single_page_header_background_size":"cover","cozystay_single_page_header_background_repeat":"off","cozystay_single_page_header_background_scroll":"on","cozystay_single_page_header_text_color":"","cozystay_single_page_header_show_breadcrumb":"","cozystay_single_page_site_footer_hide_main":"","cozystay_single_custom_site_footer_main_source":"","cozystay_single_custom_site_footer_main":"0","cozystay_single_page_site_footer_hide_above":"","cozystay_single_custom_site_footer_above_source":"","cozystay_single_custom_site_footer_above":"0","cozystay_single_page_site_footer_hide_instagram":"","cozystay_single_page_site_footer_hide_bottom":"","cozystay_single_custom_mobile_menu_source":"","cozystay_single_custom_mobile_menu":"0","cozystay_single_custom_mobile_menu_animation":"","cozystay_single_custom_mobile_menu_width":"","cozystay_single_custom_mobile_menu_custom_width":375,"footnotes":""},"class_list":["post-2266","page","type-page","status-publish","hentry"],"yoast_head":"<!-- This site is optimized with the Yoast SEO plugin v27.4 - https:\/\/yoast.com\/product\/yoast-seo-wordpress\/ -->\n<title>Rooftop - JW Medina, Riad au coeur de la Medina<\/title>\n<meta name=\"description\" content=\"Oasis suspendue hors du temps, le rooftop vous offre une ambiance cosy et branch\u00e9e avec des espaces intimistes.\" \/>\n<meta name=\"robots\" content=\"index, follow, max-snippet:-1, max-image-preview:large, max-video-preview:-1\" \/>\n<link rel=\"canonical\" href=\"https:\/\/jwmedina.com\/en\/rooftop\/\" \/>\n<meta property=\"og:locale\" content=\"en_GB\" \/>\n<meta property=\"og:type\" content=\"article\" \/>\n<meta property=\"og:title\" content=\"Rooftop - JW Medina, Riad au coeur de la Medina\" \/>\n<meta property=\"og:description\" content=\"Oasis suspendue hors du temps, le rooftop vous offre une ambiance cosy et branch\u00e9e avec des espaces intimistes.\" \/>\n<meta property=\"og:url\" content=\"https:\/\/jwmedina.com\/en\/rooftop\/\" \/>\n<meta property=\"og:site_name\" content=\"JW Medina, Riad au coeur de la Medina\" \/>\n<meta property=\"article:modified_time\" content=\"2024-11-21T22:56:41+00:00\" \/>\n<meta property=\"og:image\" content=\"https:\/\/jwmedina.com\/wp-content\/uploads\/2022\/09\/RIADJW-16-1.jpg\" \/>\n<meta name=\"twitter:card\" content=\"summary_large_image\" \/>\n<meta name=\"twitter:label1\" content=\"Estimated reading time\" \/>\n\t<meta name=\"twitter:data1\" content=\"3 minutes\" \/>\n<script type=\"application\/ld+json\" class=\"yoast-schema-graph\">{\"@context\":\"https:\\\/\\\/schema.org\",\"@graph\":[{\"@type\":\"WebPage\",\"@id\":\"https:\\\/\\\/jwmedina.com\\\/rooftop\\\/\",\"url\":\"https:\\\/\\\/jwmedina.com\\\/rooftop\\\/\",\"name\":\"Rooftop - JW Medina, Riad au coeur de la Medina\",\"isPartOf\":{\"@id\":\"https:\\\/\\\/jwmedina.com\\\/#website\"},\"primaryImageOfPage\":{\"@id\":\"https:\\\/\\\/jwmedina.com\\\/rooftop\\\/#primaryimage\"},\"image\":{\"@id\":\"https:\\\/\\\/jwmedina.com\\\/rooftop\\\/#primaryimage\"},\"thumbnailUrl\":\"https:\\\/\\\/jwmedina.com\\\/wp-content\\\/uploads\\\/2022\\\/09\\\/RIADJW-16-1.jpg\",\"datePublished\":\"2024-10-24T12:26:40+00:00\",\"dateModified\":\"2024-11-21T22:56:41+00:00\",\"description\":\"Oasis suspendue hors du temps, le rooftop vous offre une ambiance cosy et branch\u00e9e avec des espaces intimistes.\",\"breadcrumb\":{\"@id\":\"https:\\\/\\\/jwmedina.com\\\/rooftop\\\/#breadcrumb\"},\"inLanguage\":\"en-GB\",\"potentialAction\":[{\"@type\":\"ReadAction\",\"target\":[\"https:\\\/\\\/jwmedina.com\\\/rooftop\\\/\"]}]},{\"@type\":\"ImageObject\",\"inLanguage\":\"en-GB\",\"@id\":\"https:\\\/\\\/jwmedina.com\\\/rooftop\\\/#primaryimage\",\"url\":\"https:\\\/\\\/jwmedina.com\\\/wp-content\\\/uploads\\\/2022\\\/09\\\/RIADJW-16-1.jpg\",\"contentUrl\":\"https:\\\/\\\/jwmedina.com\\\/wp-content\\\/uploads\\\/2022\\\/09\\\/RIADJW-16-1.jpg\"},{\"@type\":\"BreadcrumbList\",\"@id\":\"https:\\\/\\\/jwmedina.com\\\/rooftop\\\/#breadcrumb\",\"itemListElement\":[{\"@type\":\"ListItem\",\"position\":1,\"name\":\"Home\",\"item\":\"https:\\\/\\\/jwmedina.com\\\/\"},{\"@type\":\"ListItem\",\"position\":2,\"name\":\"Rooftop\"}]},{\"@type\":\"WebSite\",\"@id\":\"https:\\\/\\\/jwmedina.com\\\/#website\",\"url\":\"https:\\\/\\\/jwmedina.com\\\/\",\"name\":\"JW Medina, Riad au coeur de la Medina\",\"description\":\"Riad priv\u00e9, Spa, Rooftop\",\"publisher\":{\"@id\":\"https:\\\/\\\/jwmedina.com\\\/#organization\"},\"potentialAction\":[{\"@type\":\"SearchAction\",\"target\":{\"@type\":\"EntryPoint\",\"urlTemplate\":\"https:\\\/\\\/jwmedina.com\\\/?s={search_term_string}\"},\"query-input\":{\"@type\":\"PropertyValueSpecification\",\"valueRequired\":true,\"valueName\":\"search_term_string\"}}],\"inLanguage\":\"en-GB\"},{\"@type\":\"Organization\",\"@id\":\"https:\\\/\\\/jwmedina.com\\\/#organization\",\"name\":\"JW Medina, Riad au coeur de la Medina\",\"url\":\"https:\\\/\\\/jwmedina.com\\\/\",\"logo\":{\"@type\":\"ImageObject\",\"inLanguage\":\"en-GB\",\"@id\":\"https:\\\/\\\/jwmedina.com\\\/#\\\/schema\\\/logo\\\/image\\\/\",\"url\":\"https:\\\/\\\/jwmedina.com\\\/wp-content\\\/uploads\\\/2022\\\/09\\\/cropped-JW-copy-1-1.png\",\"contentUrl\":\"https:\\\/\\\/jwmedina.com\\\/wp-content\\\/uploads\\\/2022\\\/09\\\/cropped-JW-copy-1-1.png\",\"width\":599,\"height\":674,\"caption\":\"JW Medina, Riad au coeur de la Medina\"},\"image\":{\"@id\":\"https:\\\/\\\/jwmedina.com\\\/#\\\/schema\\\/logo\\\/image\\\/\"}}]}<\/script>\n<!-- \/ Yoast SEO plugin. -->","yoast_head_json":{"title":"Rooftop - JW Medina, Riad in the heart of the Medina","description":"An oasis suspended outside of time, the rooftop offers you a cozy and trendy atmosphere with intimate spaces.","robots":{"index":"index","follow":"follow","max-snippet":"max-snippet:-1","max-image-preview":"max-image-preview:large","max-video-preview":"max-video-preview:-1"},"canonical":"https:\/\/jwmedina.com\/en\/rooftop\/","og_locale":"en_GB","og_type":"article","og_title":"Rooftop - JW Medina, Riad au coeur de la Medina","og_description":"Oasis suspendue hors du temps, le rooftop vous offre une ambiance cosy et branch\u00e9e avec des espaces intimistes.","og_url":"https:\/\/jwmedina.com\/en\/rooftop\/","og_site_name":"JW Medina, Riad au coeur de la Medina","article_modified_time":"2024-11-21T22:56:41+00:00","og_image":[{"url":"https:\/\/jwmedina.com\/wp-content\/uploads\/2022\/09\/RIADJW-16-1.jpg","type":"","width":"","height":""}],"twitter_card":"summary_large_image","twitter_misc":{"Estimated reading time":"3 minutes"},"schema":{"@context":"https:\/\/schema.org","@graph":[{"@type":"WebPage","@id":"https:\/\/jwmedina.com\/rooftop\/","url":"https:\/\/jwmedina.com\/rooftop\/","name":"Rooftop - JW Medina, Riad in the heart of the Medina","isPartOf":{"@id":"https:\/\/jwmedina.com\/#website"},"primaryImageOfPage":{"@id":"https:\/\/jwmedina.com\/rooftop\/#primaryimage"},"image":{"@id":"https:\/\/jwmedina.com\/rooftop\/#primaryimage"},"thumbnailUrl":"https:\/\/jwmedina.com\/wp-content\/uploads\/2022\/09\/RIADJW-16-1.jpg","datePublished":"2024-10-24T12:26:40+00:00","dateModified":"2024-11-21T22:56:41+00:00","description":"An oasis suspended outside of time, the rooftop offers you a cozy and trendy atmosphere with intimate spaces.","breadcrumb":{"@id":"https:\/\/jwmedina.com\/rooftop\/#breadcrumb"},"inLanguage":"en-GB","potentialAction":[{"@type":"ReadAction","target":["https:\/\/jwmedina.com\/rooftop\/"]}]},{"@type":"ImageObject","inLanguage":"en-GB","@id":"https:\/\/jwmedina.com\/rooftop\/#primaryimage","url":"https:\/\/jwmedina.com\/wp-content\/uploads\/2022\/09\/RIADJW-16-1.jpg","contentUrl":"https:\/\/jwmedina.com\/wp-content\/uploads\/2022\/09\/RIADJW-16-1.jpg"},{"@type":"BreadcrumbList","@id":"https:\/\/jwmedina.com\/rooftop\/#breadcrumb","itemListElement":[{"@type":"ListItem","position":1,"name":"Home","item":"https:\/\/jwmedina.com\/"},{"@type":"ListItem","position":2,"name":"Rooftop"}]},{"@type":"WebSite","@id":"https:\/\/jwmedina.com\/#website","url":"https:\/\/jwmedina.com\/","name":"JW Medina, Riad in the heart of the Medina","description":"Private Riad, Spa, Rooftop","publisher":{"@id":"https:\/\/jwmedina.com\/#organization"},"potentialAction":[{"@type":"SearchAction","target":{"@type":"EntryPoint","urlTemplate":"https:\/\/jwmedina.com\/?s={search_term_string}"},"query-input":{"@type":"PropertyValueSpecification","valueRequired":true,"valueName":"search_term_string"}}],"inLanguage":"en-GB"},{"@type":"Organization","@id":"https:\/\/jwmedina.com\/#organization","name":"JW Medina, Riad in the heart of the Medina","url":"https:\/\/jwmedina.com\/","logo":{"@type":"ImageObject","inLanguage":"en-GB","@id":"https:\/\/jwmedina.com\/#\/schema\/logo\/image\/","url":"https:\/\/jwmedina.com\/wp-content\/uploads\/2022\/09\/cropped-JW-copy-1-1.png","contentUrl":"https:\/\/jwmedina.com\/wp-content\/uploads\/2022\/09\/cropped-JW-copy-1-1.png","width":599,"height":674,"caption":"JW Medina, Riad au coeur de la Medina"},"image":{"@id":"https:\/\/jwmedina.com\/#\/schema\/logo\/image\/"}}]}},"_links":{"self":[{"href":"https:\/\/jwmedina.com\/en\/wp-json\/wp\/v2\/pages\/2266","targetHints":{"allow":["GET"]}}],"collection":[{"href":"https:\/\/jwmedina.com\/en\/wp-json\/wp\/v2\/pages"}],"about":[{"href":"https:\/\/jwmedina.com\/en\/wp-json\/wp\/v2\/types\/page"}],"author":[{"embeddable":true,"href":"https:\/\/jwmedina.com\/en\/wp-json\/wp\/v2\/users\/3"}],"replies":[{"embeddable":true,"href":"https:\/\/jwmedina.com\/en\/wp-json\/wp\/v2\/comments?post=2266"}],"version-history":[{"count":41,"href":"https:\/\/jwmedina.com\/en\/wp-json\/wp\/v2\/pages\/2266\/revisions"}],"predecessor-version":[{"id":5033,"href":"https:\/\/jwmedina.com\/en\/wp-json\/wp\/v2\/pages\/2266\/revisions\/5033"}],"wp:attachment":[{"href":"https:\/\/jwmedina.com\/en\/wp-json\/wp\/v2\/media?parent=2266"}],"curies":[{"name":"wp","href":"https:\/\/api.w.org\/{rel}","templated":true}]}}