{"id":2295,"date":"2024-10-24T12:42:05","date_gmt":"2024-10-24T12:42:05","guid":{"rendered":"https:\/\/jwmedina.com\/?page_id=2295"},"modified":"2024-11-21T04:04:07","modified_gmt":"2024-11-21T04:04:07","slug":"patio","status":"publish","type":"page","link":"https:\/\/jwmedina.com\/en\/patio\/","title":{"rendered":"Patio"},"content":{"rendered":"<div data-elementor-type=\"wp-page\" data-elementor-id=\"2295\" class=\"elementor elementor-2295\" data-elementor-settings=\"{&quot;ha_cmc_init_switcher&quot;:&quot;no&quot;}\">\n\t\t\t\t\t\t<section class=\"elementor-section elementor-top-section elementor-element elementor-element-259bd1a0 elementor-section-height-min-height cs-section-content-fullwidth cs-parallax-on-scroll cs_scroll_y_80 elementor-section-boxed elementor-section-height-default elementor-section-items-middle\" data-id=\"259bd1a0\" data-element_type=\"section\" data-e-type=\"section\" data-settings=\"{&quot;background_background&quot;:&quot;classic&quot;,&quot;_ha_eqh_enable&quot;:false}\" data-cs-parallax-y=\"80\" style=\"background-image: none;\" data-cs-background-image=\"https:\/\/jwmedina.com\/wp-content\/uploads\/2022\/09\/RIADJW-57-2.jpg\" data-cs-background-image-alt-text=\"\">\n\t\t\t\t\t\t\t<div class=\"elementor-background-overlay\"><\/div>\n\t\t\t\t\t\t\t<div class=\"elementor-container elementor-column-gap-no\">\n\t\t\t\t\t<div class=\"elementor-column elementor-col-100 elementor-top-column elementor-element elementor-element-45da27e9 dark-color\" data-id=\"45da27e9\" data-element_type=\"column\" data-e-type=\"column\">\n\t\t\t<div class=\"elementor-widget-wrap elementor-element-populated\">\n\t\t\t\t\t\t<div class=\"elementor-element elementor-element-4fd9a28d elementor-widget elementor-widget-cs_title\" data-id=\"4fd9a28d\" data-element_type=\"widget\" data-e-type=\"widget\" data-widget_type=\"cs_title.default\">\n\t\t\t\t<div class=\"elementor-widget-container\">\n\t\t\t\t\t\n        <div class=\"cs-title-wrap text-center\">\t            <div class=\"cs-subtitle-wrap\"><span class=\"cs-subtitle color-white\">JW MEDINA MARRAKECH<\/span><\/div>\t            <h1 class=\"cs-title\">\n\t                Patio \t            <\/h1>        <\/div>\t\t\t\t<\/div>\n\t\t\t\t<\/div>\n\t\t\t\t\t<\/div>\n\t\t<\/div>\n\t\t\t\t\t<\/div>\n\t\t<\/section>\n\t\t\t\t<section class=\"elementor-section elementor-top-section elementor-element elementor-element-2565b08f elementor-section-content-middle elementor-section-boxed elementor-section-height-default elementor-section-height-default\" data-id=\"2565b08f\" data-element_type=\"section\" data-e-type=\"section\" data-settings=\"{&quot;background_background&quot;:&quot;classic&quot;,&quot;_ha_eqh_enable&quot;:false}\">\n\t\t\t\t\t\t<div class=\"elementor-container elementor-column-gap-no\">\n\t\t\t\t\t<div class=\"elementor-column elementor-col-50 elementor-top-column elementor-element elementor-element-1eb90815\" data-id=\"1eb90815\" data-element_type=\"column\" data-e-type=\"column\">\n\t\t\t<div class=\"elementor-widget-wrap elementor-element-populated\">\n\t\t\t\t\t\t<div class=\"elementor-element elementor-element-76f43325 cs-animation-small-offset elementor-invisible elementor-widget elementor-widget-image\" data-id=\"76f43325\" data-element_type=\"widget\" data-e-type=\"widget\" data-settings=\"{&quot;_animation&quot;:&quot;fadeInUp&quot;,&quot;_animation_delay&quot;:150}\" data-widget_type=\"image.default\">\n\t\t\t\t<div class=\"elementor-widget-container\">\n\t\t\t\t\t\t\t\t\t\t\t\t\t\t\t<img fetchpriority=\"high\" decoding=\"async\" width=\"931\" height=\"1414\" src=\"https:\/\/jwmedina.com\/wp-content\/uploads\/2022\/09\/RIADJW-59-2.jpg\" class=\"attachment-full size-full wp-image-4328\" alt=\"\" srcset=\"https:\/\/jwmedina.com\/wp-content\/uploads\/2022\/09\/RIADJW-59-2.jpg 931w, https:\/\/jwmedina.com\/wp-content\/uploads\/2022\/09\/RIADJW-59-2-198x300.jpg 198w, https:\/\/jwmedina.com\/wp-content\/uploads\/2022\/09\/RIADJW-59-2-674x1024.jpg 674w, https:\/\/jwmedina.com\/wp-content\/uploads\/2022\/09\/RIADJW-59-2-768x1166.jpg 768w, https:\/\/jwmedina.com\/wp-content\/uploads\/2022\/09\/RIADJW-59-2-8x12.jpg 8w, https:\/\/jwmedina.com\/wp-content\/uploads\/2022\/09\/RIADJW-59-2-780x1185.jpg 780w, https:\/\/jwmedina.com\/wp-content\/uploads\/2022\/09\/RIADJW-59-2-600x911.jpg 600w, https:\/\/jwmedina.com\/wp-content\/uploads\/2022\/09\/RIADJW-59-2-550x835.jpg 550w, https:\/\/jwmedina.com\/wp-content\/uploads\/2022\/09\/RIADJW-59-2-370x562.jpg 370w, https:\/\/jwmedina.com\/wp-content\/uploads\/2022\/09\/RIADJW-59-2-255x387.jpg 255w\" sizes=\"(max-width: 931px) 100vw, 931px\" \/>\t\t\t\t\t\t\t\t\t\t\t\t\t\t\t<\/div>\n\t\t\t\t<\/div>\n\t\t\t\t\t<\/div>\n\t\t<\/div>\n\t\t\t\t<div class=\"elementor-column elementor-col-50 elementor-top-column elementor-element elementor-element-2be53163\" data-id=\"2be53163\" data-element_type=\"column\" data-e-type=\"column\">\n\t\t\t<div class=\"elementor-widget-wrap elementor-element-populated\">\n\t\t\t\t\t\t<div class=\"elementor-element elementor-element-16470583 elementor-widget elementor-widget-cs_title\" data-id=\"16470583\" data-element_type=\"widget\" data-e-type=\"widget\" data-widget_type=\"cs_title.default\">\n\t\t\t\t<div class=\"elementor-widget-container\">\n\t\t\t\t\t\n        <div class=\"cs-title-wrap\">\t            <h4 class=\"cs-title\">\n\t                The patio, an oasis of freshness in the heart of the Riad\t            <\/h4>\t            <div class=\"cs-title-text\">\n\t                <div class=\"page\" title=\"Page 1\"><div class=\"section\"><div class=\"layoutArea\"><div class=\"column\"><div class=\"page\" title=\"Page 4\"><div class=\"section\"><div class=\"layoutArea\"><div class=\"column\"><div class=\"page\" title=\"Page 1\"><div class=\"section\"><div class=\"layoutArea\"><div class=\"column\"><p>The Patio offers you a swimming pool under an illuminated vault for the hot days of Marrakech. A Bhou in Majorelle blue colors is a real invitation to relaxation and contemplation.<\/p><\/div><\/div><\/div><\/div><\/div><\/div><\/div><\/div><\/div><\/div><\/div><\/div>\t            <\/div>        <\/div>\t\t\t\t<\/div>\n\t\t\t\t<\/div>\n\t\t\t\t\t<\/div>\n\t\t<\/div>\n\t\t\t\t\t<\/div>\n\t\t<\/section>\n\t\t<div class=\"elementor-element elementor-element-e56bad1 e-flex e-con-boxed e-con e-parent\" data-id=\"e56bad1\" data-element_type=\"container\" data-e-type=\"container\" data-settings=\"{&quot;_ha_eqh_enable&quot;:false}\">\n\t\t\t\t\t<div class=\"e-con-inner\">\n\t\t\t\t<div class=\"elementor-element elementor-element-5dd6a0d ha-image-grid--even elementor-widget elementor-widget-ha-image-grid happy-addon ha-image-grid\" data-id=\"5dd6a0d\" data-element_type=\"widget\" data-e-type=\"widget\" data-settings=\"{&quot;layout&quot;:&quot;even&quot;,&quot;enable_popup&quot;:&quot;yes&quot;}\" data-widget_type=\"ha-image-grid.default\">\n\t\t\t\t<div class=\"elementor-widget-container\">\n\t\t\t\t\t\n\t\t<div class=\"ha-image-grid__wrap hajs-isotope ha-lightbox--has\">\n\t\t\t\t\t\t\t\n\t\t\t\t<a href=\"#\" data-mfp-src=\"https:\/\/jwmedina.com\/wp-content\/uploads\/2022\/09\/RIADJW-57-2.jpg\" class=\"ha-image-grid__item ha-js-lightbox __fltr-1\">\n\t\t\t\t\t<img decoding=\"async\" width=\"600\" height=\"600\" src=\"https:\/\/jwmedina.com\/wp-content\/uploads\/2022\/09\/RIADJW-57-2-600x600.jpg\" class=\"elementor-animation-grow\" alt=\"\" srcset=\"https:\/\/jwmedina.com\/wp-content\/uploads\/2022\/09\/RIADJW-57-2-600x600.jpg 600w, https:\/\/jwmedina.com\/wp-content\/uploads\/2022\/09\/RIADJW-57-2-300x300.jpg 300w, https:\/\/jwmedina.com\/wp-content\/uploads\/2022\/09\/RIADJW-57-2-150x150.jpg 150w, https:\/\/jwmedina.com\/wp-content\/uploads\/2022\/09\/RIADJW-57-2-768x768.jpg 768w, https:\/\/jwmedina.com\/wp-content\/uploads\/2022\/09\/RIADJW-57-2-12x12.jpg 12w, https:\/\/jwmedina.com\/wp-content\/uploads\/2022\/09\/RIADJW-57-2-780x780.jpg 780w, https:\/\/jwmedina.com\/wp-content\/uploads\/2022\/09\/RIADJW-57-2-550x550.jpg 550w, https:\/\/jwmedina.com\/wp-content\/uploads\/2022\/09\/RIADJW-57-2-370x370.jpg 370w, https:\/\/jwmedina.com\/wp-content\/uploads\/2022\/09\/RIADJW-57-2-255x255.jpg 255w, https:\/\/jwmedina.com\/wp-content\/uploads\/2022\/09\/RIADJW-57-2.jpg 990w\" sizes=\"(max-width: 600px) 100vw, 600px\" \/>\t\t\t\t<\/a>\n\t\t\t\t\t\t\t\n\t\t\t\t<a href=\"#\" data-mfp-src=\"https:\/\/jwmedina.com\/wp-content\/uploads\/2022\/09\/RIADJW-43-3.jpg\" class=\"ha-image-grid__item ha-js-lightbox __fltr-1\">\n\t\t\t\t\t<img decoding=\"async\" width=\"600\" height=\"600\" src=\"https:\/\/jwmedina.com\/wp-content\/uploads\/2022\/09\/RIADJW-43-3-600x600.jpg\" class=\"elementor-animation-grow\" alt=\"\" srcset=\"https:\/\/jwmedina.com\/wp-content\/uploads\/2022\/09\/RIADJW-43-3-600x600.jpg 600w, https:\/\/jwmedina.com\/wp-content\/uploads\/2022\/09\/RIADJW-43-3-300x300.jpg 300w, https:\/\/jwmedina.com\/wp-content\/uploads\/2022\/09\/RIADJW-43-3-1024x1024.jpg 1024w, https:\/\/jwmedina.com\/wp-content\/uploads\/2022\/09\/RIADJW-43-3-150x150.jpg 150w, https:\/\/jwmedina.com\/wp-content\/uploads\/2022\/09\/RIADJW-43-3-768x768.jpg 768w, https:\/\/jwmedina.com\/wp-content\/uploads\/2022\/09\/RIADJW-43-3-12x12.jpg 12w, https:\/\/jwmedina.com\/wp-content\/uploads\/2022\/09\/RIADJW-43-3-780x780.jpg 780w, https:\/\/jwmedina.com\/wp-content\/uploads\/2022\/09\/RIADJW-43-3-550x550.jpg 550w, https:\/\/jwmedina.com\/wp-content\/uploads\/2022\/09\/RIADJW-43-3-370x370.jpg 370w, https:\/\/jwmedina.com\/wp-content\/uploads\/2022\/09\/RIADJW-43-3-255x255.jpg 255w, https:\/\/jwmedina.com\/wp-content\/uploads\/2022\/09\/RIADJW-43-3.jpg 1144w\" sizes=\"(max-width: 600px) 100vw, 600px\" \/>\t\t\t\t<\/a>\n\t\t\t\t\t\t\t\n\t\t\t\t<a href=\"#\" data-mfp-src=\"https:\/\/jwmedina.com\/wp-content\/uploads\/2022\/09\/RIADJW-40-2.jpg\" class=\"ha-image-grid__item ha-js-lightbox __fltr-1\">\n\t\t\t\t\t<img loading=\"lazy\" decoding=\"async\" width=\"600\" height=\"600\" src=\"https:\/\/jwmedina.com\/wp-content\/uploads\/2022\/09\/RIADJW-40-2-600x600.jpg\" class=\"elementor-animation-grow\" alt=\"\" srcset=\"https:\/\/jwmedina.com\/wp-content\/uploads\/2022\/09\/RIADJW-40-2-600x600.jpg 600w, https:\/\/jwmedina.com\/wp-content\/uploads\/2022\/09\/RIADJW-40-2-300x300.jpg 300w, https:\/\/jwmedina.com\/wp-content\/uploads\/2022\/09\/RIADJW-40-2-150x150.jpg 150w, https:\/\/jwmedina.com\/wp-content\/uploads\/2022\/09\/RIADJW-40-2-12x12.jpg 12w, https:\/\/jwmedina.com\/wp-content\/uploads\/2022\/09\/RIADJW-40-2-550x550.jpg 550w, https:\/\/jwmedina.com\/wp-content\/uploads\/2022\/09\/RIADJW-40-2-370x370.jpg 370w, https:\/\/jwmedina.com\/wp-content\/uploads\/2022\/09\/RIADJW-40-2-255x255.jpg 255w, https:\/\/jwmedina.com\/wp-content\/uploads\/2022\/09\/RIADJW-40-2.jpg 706w\" sizes=\"(max-width: 600px) 100vw, 600px\" \/>\t\t\t\t<\/a>\n\t\t\t\t\t\t\t\n\t\t\t\t<a href=\"#\" data-mfp-src=\"https:\/\/jwmedina.com\/wp-content\/uploads\/2022\/09\/RIADJW-2-1-1.jpg\" class=\"ha-image-grid__item ha-js-lightbox __fltr-1\">\n\t\t\t\t\t<img loading=\"lazy\" decoding=\"async\" width=\"600\" height=\"400\" src=\"https:\/\/jwmedina.com\/wp-content\/uploads\/2022\/09\/RIADJW-2-1-1.jpg\" class=\"elementor-animation-grow\" alt=\"\" srcset=\"https:\/\/jwmedina.com\/wp-content\/uploads\/2022\/09\/RIADJW-2-1-1.jpg 2121w, https:\/\/jwmedina.com\/wp-content\/uploads\/2022\/09\/RIADJW-2-1-1-300x200.jpg 300w, https:\/\/jwmedina.com\/wp-content\/uploads\/2022\/09\/RIADJW-2-1-1-1024x683.jpg 1024w, https:\/\/jwmedina.com\/wp-content\/uploads\/2022\/09\/RIADJW-2-1-1-768x512.jpg 768w\" sizes=\"(max-width: 600px) 100vw, 600px\" \/>\t\t\t\t<\/a>\n\t\t\t\t\t\t\t\n\t\t\t\t<a href=\"#\" data-mfp-src=\"https:\/\/jwmedina.com\/wp-content\/uploads\/2024\/11\/Patio.jpg\" class=\"ha-image-grid__item ha-js-lightbox __fltr-1\">\n\t\t\t\t\t<img loading=\"lazy\" decoding=\"async\" width=\"600\" height=\"600\" src=\"https:\/\/jwmedina.com\/wp-content\/uploads\/2024\/11\/Patio-600x600.jpg\" class=\"elementor-animation-grow\" alt=\"\" srcset=\"https:\/\/jwmedina.com\/wp-content\/uploads\/2024\/11\/Patio-600x600.jpg 600w, https:\/\/jwmedina.com\/wp-content\/uploads\/2024\/11\/Patio-150x150.jpg 150w, https:\/\/jwmedina.com\/wp-content\/uploads\/2024\/11\/Patio-300x300.jpg 300w\" sizes=\"(max-width: 600px) 100vw, 600px\" \/>\t\t\t\t<\/a>\n\t\t\t\t\t<\/div>\n\n\t\t\t\t\t\t<\/div>\n\t\t\t\t<\/div>\n\t\t\t\t\t<\/div>\n\t\t\t\t<\/div>\n\t\t<div class=\"elementor-element elementor-element-ee33236 e-con-full e-flex e-con e-parent\" data-id=\"ee33236\" data-element_type=\"container\" data-e-type=\"container\" data-settings=\"{&quot;_ha_eqh_enable&quot;:false}\">\n\t\t\t\t<div class=\"elementor-element elementor-element-8ce812a cs-animation-small-offset elementor-invisible elementor-widget elementor-widget-cs_fancy_card\" data-id=\"8ce812a\" data-element_type=\"widget\" data-e-type=\"widget\" data-settings=\"{&quot;_animation&quot;:&quot;fadeInRight&quot;,&quot;_animation_delay&quot;:200,&quot;_animation_tablet&quot;:&quot;fadeInUp&quot;}\" data-widget_type=\"cs_fancy_card.default\">\n\t\t\t\t<div class=\"elementor-widget-container\">\n\t\t\t\t\t\n\t\t<div class=\"cs-fancy-card style-1 layout-row order-reverse text-left cs-hover-img-zoom\">\n            <div class=\"cs-fc-wrap\">\t                <a class=\"cs-fc-link\" href=\"https:\/\/jwmedina.com\/en\/rooftop\/\" aria-label=\"Fancy Card Link\"><\/a>\t               \t<div class=\"cs-fc-img\">\n\t                    <img decoding=\"async\" src=\"https:\/\/jwmedina.com\/wp-content\/uploads\/elementor\/thumbs\/RIADJW-31-1-qxcyaolx783fdgiwwt1td4pytevq30okcgbn3t3s4w.jpg\" title=\"RIADJW-31\" alt=\"RIADJW-31\" loading=\"lazy\" \/>\t                <\/div>\n                <div class=\"cs-fc-content\">\t\t\t            <h5 class=\"cs-fc-title cs-title\">\n\t\t\t                Rooftop\t\t\t            <\/h5>\t\t\t            <div class=\"cs-fc-text\">\n\t\t\t                <div class=\"page\" title=\"Page 2\"><div class=\"section\"><div class=\"layoutArea\"><div class=\"column\"><div class=\"page\" title=\"Page 3\"><div class=\"section\"><div class=\"layoutArea\"><div class=\"column\"><div class=\"page\" title=\"Page 1\"><div class=\"section\"><div class=\"layoutArea\"><div class=\"column\"><p>An oasis suspended outside of time, the rooftop offers you a cozy and trendy atmosphere with intimate spaces.<\/p><\/div><\/div><\/div><\/div><\/div><\/div><\/div><\/div><\/div><\/div><\/div><\/div>\t\t\t            <\/div>\t\t                <div class=\"cs-fc-btn\">\n\t\t                    <a class=\"button cs-btn-color-white cs-btn-outline cs-btn-small\" role=\"button\" href=\"https:\/\/jwmedina.com\/en\/rooftop\/\">\n\t\t                        <span class=\"cs-btn-text\">Discover<\/span>\t\t                    <\/a>\n\t\t                <\/div>\t\t\t\t<\/div>\n            <\/div>\n        <\/div>\t\t\t\t<\/div>\n\t\t\t\t<\/div>\n\t\t\t\t<\/div>\n\t\t\t\t<\/div>","protected":false},"excerpt":{"rendered":"<p>JW MEDINA MARRAKECH Patio Le patio, oasis de fraicheur au c\u0153ur du Riad Le Patio vous propose une piscine sous une voute illumin\u00e9e pour les journ\u00e9es chaudes de Marrakech. Un Bhou aux couleurs bleu Majorelle est une v\u00e9ritable invitation \u00e0 la d\u00e9tente et la contemplation. Rooftop Oasis suspendue hors du temps, le rooftop vous offre &#8230;<\/p>","protected":false},"author":3,"featured_media":0,"parent":0,"menu_order":0,"comment_status":"closed","ping_status":"closed","template":"template-wide-content.php","meta":{"cozystay_single_page_hide_site_header":"","cozystay_single_page_site_header_source":"","cozystay_single_page_custom_site_header":"0","cozystay_single_page_custom_sticky_site_header":"0","cozystay_single_page_hide_page_title":"on","cozystay_single_page_header_section_size":"","cozystay_single_page_header_background_color":"","cozystay_single_page_header_background_position_x":"center","cozystay_single_page_header_background_position_y":"center","cozystay_single_page_header_background_size":"cover","cozystay_single_page_header_background_repeat":"off","cozystay_single_page_header_background_scroll":"on","cozystay_single_page_header_text_color":"","cozystay_single_page_header_show_breadcrumb":"","cozystay_single_page_site_footer_hide_main":"","cozystay_single_custom_site_footer_main_source":"","cozystay_single_custom_site_footer_main":"0","cozystay_single_page_site_footer_hide_above":"","cozystay_single_custom_site_footer_above_source":"","cozystay_single_custom_site_footer_above":"0","cozystay_single_page_site_footer_hide_instagram":"","cozystay_single_page_site_footer_hide_bottom":"","cozystay_single_custom_mobile_menu_source":"","cozystay_single_custom_mobile_menu":"0","cozystay_single_custom_mobile_menu_animation":"","cozystay_single_custom_mobile_menu_width":"","cozystay_single_custom_mobile_menu_custom_width":375,"footnotes":""},"class_list":["post-2295","page","type-page","status-publish","hentry"],"yoast_head":"<!-- This site is optimized with the Yoast SEO plugin v27.4 - https:\/\/yoast.com\/product\/yoast-seo-wordpress\/ -->\n<title>Patio - JW Medina, Riad au coeur de la Medina<\/title>\n<meta name=\"description\" content=\"Le patio, oasis de fraicheur au c\u0153ur du Riad, vous propose une piscine sous une voute illumin\u00e9e pour les journ\u00e9es chaudes de Marrakech.\" \/>\n<meta name=\"robots\" content=\"index, follow, max-snippet:-1, max-image-preview:large, max-video-preview:-1\" \/>\n<link rel=\"canonical\" href=\"https:\/\/jwmedina.com\/en\/patio\/\" \/>\n<meta property=\"og:locale\" content=\"en_GB\" \/>\n<meta property=\"og:type\" content=\"article\" \/>\n<meta property=\"og:title\" content=\"Patio - JW Medina, Riad au coeur de la Medina\" \/>\n<meta property=\"og:description\" content=\"Le patio, oasis de fraicheur au c\u0153ur du Riad, vous propose une piscine sous une voute illumin\u00e9e pour les journ\u00e9es chaudes de Marrakech.\" \/>\n<meta property=\"og:url\" content=\"https:\/\/jwmedina.com\/en\/patio\/\" \/>\n<meta property=\"og:site_name\" content=\"JW Medina, Riad au coeur de la Medina\" \/>\n<meta property=\"article:modified_time\" content=\"2024-11-21T04:04:07+00:00\" \/>\n<meta property=\"og:image\" content=\"https:\/\/jwmedina.com\/wp-content\/uploads\/2022\/09\/RIADJW-59-2.jpg\" \/>\n\t<meta property=\"og:image:width\" content=\"931\" \/>\n\t<meta property=\"og:image:height\" content=\"1414\" \/>\n\t<meta property=\"og:image:type\" content=\"image\/jpeg\" \/>\n<meta name=\"twitter:card\" content=\"summary_large_image\" \/>\n<meta name=\"twitter:label1\" content=\"Estimated reading time\" \/>\n\t<meta name=\"twitter:data1\" content=\"2 minutes\" \/>\n<script type=\"application\/ld+json\" class=\"yoast-schema-graph\">{\"@context\":\"https:\\\/\\\/schema.org\",\"@graph\":[{\"@type\":\"WebPage\",\"@id\":\"https:\\\/\\\/jwmedina.com\\\/patio\\\/\",\"url\":\"https:\\\/\\\/jwmedina.com\\\/patio\\\/\",\"name\":\"Patio - JW Medina, Riad au coeur de la Medina\",\"isPartOf\":{\"@id\":\"https:\\\/\\\/jwmedina.com\\\/#website\"},\"primaryImageOfPage\":{\"@id\":\"https:\\\/\\\/jwmedina.com\\\/patio\\\/#primaryimage\"},\"image\":{\"@id\":\"https:\\\/\\\/jwmedina.com\\\/patio\\\/#primaryimage\"},\"thumbnailUrl\":\"https:\\\/\\\/jwmedina.com\\\/wp-content\\\/uploads\\\/2022\\\/09\\\/RIADJW-59-2.jpg\",\"datePublished\":\"2024-10-24T12:42:05+00:00\",\"dateModified\":\"2024-11-21T04:04:07+00:00\",\"description\":\"Le patio, oasis de fraicheur au c\u0153ur du Riad, vous propose une piscine sous une voute illumin\u00e9e pour les journ\u00e9es chaudes de Marrakech.\",\"breadcrumb\":{\"@id\":\"https:\\\/\\\/jwmedina.com\\\/patio\\\/#breadcrumb\"},\"inLanguage\":\"en-GB\",\"potentialAction\":[{\"@type\":\"ReadAction\",\"target\":[\"https:\\\/\\\/jwmedina.com\\\/patio\\\/\"]}]},{\"@type\":\"ImageObject\",\"inLanguage\":\"en-GB\",\"@id\":\"https:\\\/\\\/jwmedina.com\\\/patio\\\/#primaryimage\",\"url\":\"https:\\\/\\\/jwmedina.com\\\/wp-content\\\/uploads\\\/2022\\\/09\\\/RIADJW-59-2.jpg\",\"contentUrl\":\"https:\\\/\\\/jwmedina.com\\\/wp-content\\\/uploads\\\/2022\\\/09\\\/RIADJW-59-2.jpg\"},{\"@type\":\"BreadcrumbList\",\"@id\":\"https:\\\/\\\/jwmedina.com\\\/patio\\\/#breadcrumb\",\"itemListElement\":[{\"@type\":\"ListItem\",\"position\":1,\"name\":\"Home\",\"item\":\"https:\\\/\\\/jwmedina.com\\\/\"},{\"@type\":\"ListItem\",\"position\":2,\"name\":\"Patio\"}]},{\"@type\":\"WebSite\",\"@id\":\"https:\\\/\\\/jwmedina.com\\\/#website\",\"url\":\"https:\\\/\\\/jwmedina.com\\\/\",\"name\":\"JW Medina, Riad au coeur de la Medina\",\"description\":\"Riad priv\u00e9, Spa, Rooftop\",\"publisher\":{\"@id\":\"https:\\\/\\\/jwmedina.com\\\/#organization\"},\"potentialAction\":[{\"@type\":\"SearchAction\",\"target\":{\"@type\":\"EntryPoint\",\"urlTemplate\":\"https:\\\/\\\/jwmedina.com\\\/?s={search_term_string}\"},\"query-input\":{\"@type\":\"PropertyValueSpecification\",\"valueRequired\":true,\"valueName\":\"search_term_string\"}}],\"inLanguage\":\"en-GB\"},{\"@type\":\"Organization\",\"@id\":\"https:\\\/\\\/jwmedina.com\\\/#organization\",\"name\":\"JW Medina, Riad au coeur de la Medina\",\"url\":\"https:\\\/\\\/jwmedina.com\\\/\",\"logo\":{\"@type\":\"ImageObject\",\"inLanguage\":\"en-GB\",\"@id\":\"https:\\\/\\\/jwmedina.com\\\/#\\\/schema\\\/logo\\\/image\\\/\",\"url\":\"https:\\\/\\\/jwmedina.com\\\/wp-content\\\/uploads\\\/2022\\\/09\\\/cropped-JW-copy-1-1.png\",\"contentUrl\":\"https:\\\/\\\/jwmedina.com\\\/wp-content\\\/uploads\\\/2022\\\/09\\\/cropped-JW-copy-1-1.png\",\"width\":599,\"height\":674,\"caption\":\"JW Medina, Riad au coeur de la Medina\"},\"image\":{\"@id\":\"https:\\\/\\\/jwmedina.com\\\/#\\\/schema\\\/logo\\\/image\\\/\"}}]}<\/script>\n<!-- \/ Yoast SEO plugin. -->","yoast_head_json":{"title":"Patio - JW Medina, Riad in the heart of the Medina","description":"The patio, an oasis of freshness in the heart of the Riad, offers you a swimming pool under an illuminated vault for the hot days of Marrakech.","robots":{"index":"index","follow":"follow","max-snippet":"max-snippet:-1","max-image-preview":"max-image-preview:large","max-video-preview":"max-video-preview:-1"},"canonical":"https:\/\/jwmedina.com\/en\/patio\/","og_locale":"en_GB","og_type":"article","og_title":"Patio - JW Medina, Riad au coeur de la Medina","og_description":"Le patio, oasis de fraicheur au c\u0153ur du Riad, vous propose une piscine sous une voute illumin\u00e9e pour les journ\u00e9es chaudes de Marrakech.","og_url":"https:\/\/jwmedina.com\/en\/patio\/","og_site_name":"JW Medina, Riad au coeur de la Medina","article_modified_time":"2024-11-21T04:04:07+00:00","og_image":[{"width":931,"height":1414,"url":"https:\/\/jwmedina.com\/wp-content\/uploads\/2022\/09\/RIADJW-59-2.jpg","type":"image\/jpeg"}],"twitter_card":"summary_large_image","twitter_misc":{"Estimated reading time":"2 minutes"},"schema":{"@context":"https:\/\/schema.org","@graph":[{"@type":"WebPage","@id":"https:\/\/jwmedina.com\/patio\/","url":"https:\/\/jwmedina.com\/patio\/","name":"Patio - JW Medina, Riad in the heart of the Medina","isPartOf":{"@id":"https:\/\/jwmedina.com\/#website"},"primaryImageOfPage":{"@id":"https:\/\/jwmedina.com\/patio\/#primaryimage"},"image":{"@id":"https:\/\/jwmedina.com\/patio\/#primaryimage"},"thumbnailUrl":"https:\/\/jwmedina.com\/wp-content\/uploads\/2022\/09\/RIADJW-59-2.jpg","datePublished":"2024-10-24T12:42:05+00:00","dateModified":"2024-11-21T04:04:07+00:00","description":"The patio, an oasis of freshness in the heart of the Riad, offers you a swimming pool under an illuminated vault for the hot days of Marrakech.","breadcrumb":{"@id":"https:\/\/jwmedina.com\/patio\/#breadcrumb"},"inLanguage":"en-GB","potentialAction":[{"@type":"ReadAction","target":["https:\/\/jwmedina.com\/patio\/"]}]},{"@type":"ImageObject","inLanguage":"en-GB","@id":"https:\/\/jwmedina.com\/patio\/#primaryimage","url":"https:\/\/jwmedina.com\/wp-content\/uploads\/2022\/09\/RIADJW-59-2.jpg","contentUrl":"https:\/\/jwmedina.com\/wp-content\/uploads\/2022\/09\/RIADJW-59-2.jpg"},{"@type":"BreadcrumbList","@id":"https:\/\/jwmedina.com\/patio\/#breadcrumb","itemListElement":[{"@type":"ListItem","position":1,"name":"Home","item":"https:\/\/jwmedina.com\/"},{"@type":"ListItem","position":2,"name":"Patio"}]},{"@type":"WebSite","@id":"https:\/\/jwmedina.com\/#website","url":"https:\/\/jwmedina.com\/","name":"JW Medina, Riad in the heart of the Medina","description":"Private Riad, Spa, Rooftop","publisher":{"@id":"https:\/\/jwmedina.com\/#organization"},"potentialAction":[{"@type":"SearchAction","target":{"@type":"EntryPoint","urlTemplate":"https:\/\/jwmedina.com\/?s={search_term_string}"},"query-input":{"@type":"PropertyValueSpecification","valueRequired":true,"valueName":"search_term_string"}}],"inLanguage":"en-GB"},{"@type":"Organization","@id":"https:\/\/jwmedina.com\/#organization","name":"JW Medina, Riad in the heart of the Medina","url":"https:\/\/jwmedina.com\/","logo":{"@type":"ImageObject","inLanguage":"en-GB","@id":"https:\/\/jwmedina.com\/#\/schema\/logo\/image\/","url":"https:\/\/jwmedina.com\/wp-content\/uploads\/2022\/09\/cropped-JW-copy-1-1.png","contentUrl":"https:\/\/jwmedina.com\/wp-content\/uploads\/2022\/09\/cropped-JW-copy-1-1.png","width":599,"height":674,"caption":"JW Medina, Riad au coeur de la Medina"},"image":{"@id":"https:\/\/jwmedina.com\/#\/schema\/logo\/image\/"}}]}},"_links":{"self":[{"href":"https:\/\/jwmedina.com\/en\/wp-json\/wp\/v2\/pages\/2295","targetHints":{"allow":["GET"]}}],"collection":[{"href":"https:\/\/jwmedina.com\/en\/wp-json\/wp\/v2\/pages"}],"about":[{"href":"https:\/\/jwmedina.com\/en\/wp-json\/wp\/v2\/types\/page"}],"author":[{"embeddable":true,"href":"https:\/\/jwmedina.com\/en\/wp-json\/wp\/v2\/users\/3"}],"replies":[{"embeddable":true,"href":"https:\/\/jwmedina.com\/en\/wp-json\/wp\/v2\/comments?post=2295"}],"version-history":[{"count":42,"href":"https:\/\/jwmedina.com\/en\/wp-json\/wp\/v2\/pages\/2295\/revisions"}],"predecessor-version":[{"id":4919,"href":"https:\/\/jwmedina.com\/en\/wp-json\/wp\/v2\/pages\/2295\/revisions\/4919"}],"wp:attachment":[{"href":"https:\/\/jwmedina.com\/en\/wp-json\/wp\/v2\/media?parent=2295"}],"curies":[{"name":"wp","href":"https:\/\/api.w.org\/{rel}","templated":true}]}}